{"id":12,"date":"2017-01-27T09:21:18","date_gmt":"2017-01-27T09:21:18","guid":{"rendered":"https:\/\/2017.berlin.wordcamp.org\/organizers\/"},"modified":"2017-02-15T23:18:22","modified_gmt":"2017-02-15T22:18:22","slug":"orga-team","status":"publish","type":"page","link":"https:\/\/berlin.wordcamp.org\/2017\/orga-team\/","title":{"rendered":"Orga-Team"},"content":{"rendered":"\t<div class=\"wcorg-organizers\">\n\n\t\t\n\t\t\t<div class=\"wcorg-organizer\">\n\t\t\t\t<h2>David Stingl<\/h2>\n\t\t\t\t<div class=\"wcorg-organizer-description\">\n\t\t\t\t\t\t\t\t\t\t<img alt='' src='https:\/\/secure.gravatar.com\/avatar\/81c78a083cbcab6bff5d945dc25cce78328394f11fbe74eb6262671ef7a1d7d5?s=150&#038;d=mm&#038;r=g' srcset='https:\/\/secure.gravatar.com\/avatar\/81c78a083cbcab6bff5d945dc25cce78328394f11fbe74eb6262671ef7a1d7d5?s=300&#038;d=mm&#038;r=g 2x' class='avatar avatar-150 photo' height='150' width='150' \/>\t\t\t\t\t<p>David <a href=\"https:\/\/www.ja-gut-aber.de\/\">bloggt<\/a> seit 2007 mit WordPress.\u00a0Von der Ausbildung her und im Hauptberuf ist er Musiker und S\u00e4nger, derzeit angestellt beim <a href=\"https:\/\/www.rundfunkchor-berlin.de\/menschen\/david-stingl\/\">Rundfunkchor Berlin<\/a>. Daneben arbeitet er seit 2011 auch\u00a0als WordPress-Theme-Entwickler.<\/p>\n\t\t\t\t<\/div>\n\t\t\t<\/div>\n\n\t\t\n\t\t\t<div class=\"wcorg-organizer\">\n\t\t\t\t<h2>Alex Goller<\/h2>\n\t\t\t\t<div class=\"wcorg-organizer-description\">\n\t\t\t\t\t\t\t\t\t\t<img alt='' src='https:\/\/secure.gravatar.com\/avatar\/decfb01c8bacac76412d15100d44344183d0b377771e9f795bdf0cd0808d2e33?s=150&#038;d=mm&#038;r=g' srcset='https:\/\/secure.gravatar.com\/avatar\/decfb01c8bacac76412d15100d44344183d0b377771e9f795bdf0cd0808d2e33?s=300&#038;d=mm&#038;r=g 2x' class='avatar avatar-150 photo' height='150' width='150' \/>\t\t\t\t\t<p>Alex ist selbst\u00e4ndiger Webentwickler und Projektmanager. Seine Begeisterung f\u00fcr WordPress besteht seit 2008 und sp\u00e4ter hat er sie zu seinem Beruf gemacht. Zu finden ist er <a href=\"https:\/\/alexandergoller.com\/\">im Web<\/a> und als <a href=\"https:\/\/twitter.com\/alpipego\/\">@alpipego<\/a>.<\/p>\n\t\t\t\t<\/div>\n\t\t\t<\/div>\n\n\t\t\n\t\t\t<div class=\"wcorg-organizer\">\n\t\t\t\t<h2>Bernhard Kau<\/h2>\n\t\t\t\t<div class=\"wcorg-organizer-description\">\n\t\t\t\t\t\t\t\t\t\t<img alt='' src='https:\/\/secure.gravatar.com\/avatar\/a3d65dbb7c58b7892c698cf0dc222f33f6cd231c13196f29a067dedd4d7e529c?s=150&#038;d=mm&#038;r=g' srcset='https:\/\/secure.gravatar.com\/avatar\/a3d65dbb7c58b7892c698cf0dc222f33f6cd231c13196f29a067dedd4d7e529c?s=300&#038;d=mm&#038;r=g 2x' class='avatar avatar-150 photo' height='150' width='150' \/>\t\t\t\t\t<p><strong>Lead Organizer WordCamp Berlin\u00a02017<\/strong><\/p>\n<p>Bernhard ist fest angestellter Webentwickler, entwickelt in seiner Freizeit Plugin, schreibt in seinem <a href=\"https:\/\/kau-boys.de\/\">Blog<\/a>\u00a0\u00fcber WordPress und andere Themen, treibt sich gerne bei den WP Meetups in Berlin und Potsdam herum und l\u00e4uft nach Feierabend den ein oder anderen Halbmarathon.<\/p>\n\t\t\t\t<\/div>\n\t\t\t<\/div>\n\n\t\t\n\t\t\t<div class=\"wcorg-organizer\">\n\t\t\t\t<h2>Daniel Dziamski<\/h2>\n\t\t\t\t<div class=\"wcorg-organizer-description\">\n\t\t\t\t\t\t\t\t\t\t<img alt='' src='https:\/\/secure.gravatar.com\/avatar\/062a7e32d53c79b833c59cb9f4ff2285e05b795ce6918d83ab5af3c1d42a3f6f?s=150&#038;d=mm&#038;r=g' srcset='https:\/\/secure.gravatar.com\/avatar\/062a7e32d53c79b833c59cb9f4ff2285e05b795ce6918d83ab5af3c1d42a3f6f?s=300&#038;d=mm&#038;r=g 2x' class='avatar avatar-150 photo' height='150' width='150' \/>\t\t\t\t\t<p>Daniel ist fest angestellter Softwareentwickler. Seine Liebe zu WordPress hat er 2013 entdeckt und hat gleich mal eine Session f\u00fcr das damalige &#8222;Camp-Berlin&#8220; eingereicht.<\/p>\n\t\t\t\t<\/div>\n\t\t\t<\/div>\n\n\t\t\n\t\t\t<div class=\"wcorg-organizer\">\n\t\t\t\t<h2>Christian Fuchs<\/h2>\n\t\t\t\t<div class=\"wcorg-organizer-description\">\n\t\t\t\t\t\t\t\t\t\t<img alt='' src='https:\/\/secure.gravatar.com\/avatar\/3745e96f02ad75c72540fa2ab30ea5005e085256523ac65e46a056a8f8cb5a98?s=150&#038;d=mm&#038;r=g' srcset='https:\/\/secure.gravatar.com\/avatar\/3745e96f02ad75c72540fa2ab30ea5005e085256523ac65e46a056a8f8cb5a98?s=300&#038;d=mm&#038;r=g 2x' class='avatar avatar-150 photo' height='150' width='150' \/>\t\t\t\t\t<p>Freier Berater. E-Mail-Marketing. WordPress. Gelegenheitsblogger. Fahrradfahrer. WordPress Meetup Potsdam Co-Creator. WPCamp Co-Organizer. #emailgeek #wordpresser #traveler #freelancer #Berlin<\/p>\n\t\t\t\t<\/div>\n\t\t\t<\/div>\n\n\t\t\n\t\t\t<div class=\"wcorg-organizer\">\n\t\t\t\t<h2>Maja Benke<\/h2>\n\t\t\t\t<div class=\"wcorg-organizer-description\">\n\t\t\t\t\t\t\t\t\t\t<img alt='' src='https:\/\/secure.gravatar.com\/avatar\/698ba980581466817a8be191cfc3014d8bdaf6690b6b69117fd756fe791a862f?s=150&#038;d=mm&#038;r=g' srcset='https:\/\/secure.gravatar.com\/avatar\/698ba980581466817a8be191cfc3014d8bdaf6690b6b69117fd756fe791a862f?s=300&#038;d=mm&#038;r=g 2x' class='avatar avatar-150 photo' height='150' width='150' \/>\t\t\t\t\t<p>Maja hat Landschaftsarchitektur studiert, dann aber ihre Liebe zu WordPress und zum Reisen entdeckt. Nun arbeitet sie als freie Webdesignerin, gibt Workshops und schreibt in ihrem Blog <a href=\"http:\/\/www.wp1x1.de\/\">WP1x1<\/a> \u00fcber WordPress, w\u00e4hrend sie die Welt bereist \u2013 am liebsten nat\u00fcrlich zu WordCamps.<\/p>\n\t\t\t\t<\/div>\n\t\t\t<\/div>\n\n\t\t\n\t\t\t<div class=\"wcorg-organizer\">\n\t\t\t\t<h2>Heiko Mamerow<\/h2>\n\t\t\t\t<div class=\"wcorg-organizer-description\">\n\t\t\t\t\t\t\t\t\t\t<img alt='' src='https:\/\/secure.gravatar.com\/avatar\/2cf79e8a024c34a2ba0b4351d281846023ce11c54cde009bf9b36c6ac580daa6?s=150&#038;d=mm&#038;r=g' srcset='https:\/\/secure.gravatar.com\/avatar\/2cf79e8a024c34a2ba0b4351d281846023ce11c54cde009bf9b36c6ac580daa6?s=300&#038;d=mm&#038;r=g 2x' class='avatar avatar-150 photo' height='150' width='150' \/>\t\t\t\t\t<p>Buddhist, Vater, Freund, <a href=\"https:\/\/heikomamerow.de\">Internetseitenbauer<\/a>, Musikliebhaber, Sportler, Verkehrsteilnehmer \ud83d\ude42<\/p>\n\t\t\t\t<\/div>\n\t\t\t<\/div>\n\n\t\t\n\t<\/div><!-- .wcorg-organizers -->\n\t\n","protected":false},"excerpt":{"rendered":"","protected":false},"author":3070090,"featured_media":0,"parent":0,"menu_order":0,"comment_status":"closed","ping_status":"closed","template":"","meta":{"_crdt_document":"","jetpack_post_was_ever_published":false,"footnotes":""},"class_list":["post-12","page","type-page","status-publish","hentry"],"jetpack_sharing_enabled":true,"jetpack_shortlink":"https:\/\/wp.me\/P8laeo-c","_links":{"self":[{"href":"https:\/\/berlin.wordcamp.org\/2017\/wp-json\/wp\/v2\/pages\/12","targetHints":{"allow":["GET"]}}],"collection":[{"href":"https:\/\/berlin.wordcamp.org\/2017\/wp-json\/wp\/v2\/pages"}],"about":[{"href":"https:\/\/berlin.wordcamp.org\/2017\/wp-json\/wp\/v2\/types\/page"}],"author":[{"embeddable":true,"href":"https:\/\/berlin.wordcamp.org\/2017\/wp-json\/wp\/v2\/users\/3070090"}],"replies":[{"embeddable":true,"href":"https:\/\/berlin.wordcamp.org\/2017\/wp-json\/wp\/v2\/comments?post=12"}],"version-history":[{"count":4,"href":"https:\/\/berlin.wordcamp.org\/2017\/wp-json\/wp\/v2\/pages\/12\/revisions"}],"predecessor-version":[{"id":121,"href":"https:\/\/berlin.wordcamp.org\/2017\/wp-json\/wp\/v2\/pages\/12\/revisions\/121"}],"wp:attachment":[{"href":"https:\/\/berlin.wordcamp.org\/2017\/wp-json\/wp\/v2\/media?parent=12"}],"curies":[{"name":"wp","href":"https:\/\/api.w.org\/{rel}","templated":true}]}}