{"id":630,"date":"2015-09-21T09:47:21","date_gmt":"2015-09-21T07:47:21","guid":{"rendered":"https:\/\/2015.berlin.wordcamp.org\/?page_id=630"},"modified":"2015-11-12T15:48:41","modified_gmt":"2015-11-12T13:48:41","slug":"tickets","status":"publish","type":"page","link":"https:\/\/berlin.wordcamp.org\/2015\/tickets\/","title":{"rendered":"Tickets"},"content":{"rendered":"<h2>Last-Minute-Tickets?<\/h2>\n<p><a href=\"https:\/\/plus.google.com\/116241245928154673213\/posts\/TQYdYJ8sAgp\">https:\/\/plus.google.com\/116241245928154673213\/posts\/TQYdYJ8sAgp<\/a><\/p>\n<p><\/p>\n<p><strong>Wir freuen uns, dass wir einen weiteren Raum anmieten konnten und so zus\u00e4tzliche 50 Tickets zur Verf\u00fcgung stehen.<br \/>\n<del>Diese k\u00f6nnen hier ab dem <span style=\"color: #900000\">3. Oktober 2015 12:00 Uhr<\/span> gebucht werden.<\/del><\/strong><\/p>\n<pre>Auch diese Tickets sind leider schon ausgebucht!<\/pre>\n<p>Ein Ticket kostet 20,- EUR. Im Preis enthalten sind ein T-Shirt und Verpflegung. Der Contributor Day am Sonntag ist \u00fcbrigens kostenfrei &#8211; inkl. Verpflegung.<\/p>\n<p>Das WordCamp ist auf 150 Personen begrenzt und <strong>hat einen klaren Fokus auf Entwicklung und Design<\/strong>. Ihr solltet also nicht lange warten und euch gleich anmelden! \ud83d\ude42<\/p>\n<p>Wenn ihr eine bei <a href=\"https:\/\/de.gravatar.com\/\">Gravatar<\/a> registrierte E-Mail-Adresse verwendet (oder diese nachtr\u00e4glich dort registriert), bekommt ihr ein sch\u00f6nes Bild in der Teilnehmerliste.<\/p>\n<p>Die Tickets k\u00f6nnen nicht storniert werden. Sie sind aber \u00fcbertragbar. Bitte beachtet auch die Anmerkungen zu Rechnungen weiter unten.<\/p>\n<a href=\"https:\/\/berlin.wordcamp.org\/2015\/tickets\/\">Bitte rufe diese Seite in einem Browser auf, um Tickets zu kaufen oder zu verwalten.<\/a>\n<h3>Rechnung\/Steuern<\/h3>\n<p>Es ist uns leider nicht m\u00f6glich eine Rechnung zu erstellen. Das genutzte Plugin CampTix gibt weder eine Umsatzsteuer aus, noch eine offizielle Rechnung. Wir k\u00f6nnen hierbei auch nicht helfen, denn der offizielle Veranstalter ist die WordPress Foundation aus den USA.<\/p>\n","protected":false},"excerpt":{"rendered":"<p>Last-Minute-Tickets? https:\/\/plus.google.com\/116241245928154673213\/posts\/TQYdYJ8sAgp Wir freuen uns, dass wir einen weiteren Raum anmieten konnten und so zus\u00e4tzliche 50 Tickets zur Verf\u00fcgung stehen. Diese k\u00f6nnen hier ab dem 3. Oktober 2015 12:00 Uhr gebucht werden. Auch diese Tickets sind leider schon ausgebucht! Ein Ticket kostet 20,- EUR. Im Preis enthalten sind ein T-Shirt und Verpflegung. Der Contributor Day &hellip; <a href=\"https:\/\/berlin.wordcamp.org\/2015\/tickets\/\" class=\"more-link\"><span class=\"screen-reader-text\">Tickets<\/span> weiterlesen<\/a><\/p>\n","protected":false},"author":9160143,"featured_media":0,"parent":0,"menu_order":0,"comment_status":"closed","ping_status":"closed","template":"","meta":{"jetpack_post_was_ever_published":false,"footnotes":""},"class_list":["post-630","page","type-page","status-publish","hentry"],"jetpack_sharing_enabled":true,"jetpack_shortlink":"https:\/\/wp.me\/P6xjyn-aa","_links":{"self":[{"href":"https:\/\/berlin.wordcamp.org\/2015\/wp-json\/wp\/v2\/pages\/630","targetHints":{"allow":["GET"]}}],"collection":[{"href":"https:\/\/berlin.wordcamp.org\/2015\/wp-json\/wp\/v2\/pages"}],"about":[{"href":"https:\/\/berlin.wordcamp.org\/2015\/wp-json\/wp\/v2\/types\/page"}],"author":[{"embeddable":true,"href":"https:\/\/berlin.wordcamp.org\/2015\/wp-json\/wp\/v2\/users\/9160143"}],"replies":[{"embeddable":true,"href":"https:\/\/berlin.wordcamp.org\/2015\/wp-json\/wp\/v2\/comments?post=630"}],"version-history":[{"count":27,"href":"https:\/\/berlin.wordcamp.org\/2015\/wp-json\/wp\/v2\/pages\/630\/revisions"}],"predecessor-version":[{"id":2385,"href":"https:\/\/berlin.wordcamp.org\/2015\/wp-json\/wp\/v2\/pages\/630\/revisions\/2385"}],"wp:attachment":[{"href":"https:\/\/berlin.wordcamp.org\/2015\/wp-json\/wp\/v2\/media?parent=630"}],"curies":[{"name":"wp","href":"https:\/\/api.w.org\/{rel}","templated":true}]}}